{"id":10405,"date":"2021-12-03T00:52:10","date_gmt":"2021-12-03T00:52:10","guid":{"rendered":"https:\/\/www.louizaauktion.com\/product\/heydenboy-55\/"},"modified":"2021-12-03T00:52:10","modified_gmt":"2021-12-03T00:52:10","slug":"heydenboy-55","status":"publish","type":"product","link":"https:\/\/www.louizaauktion.com\/en\/product\/heydenboy-55\/","title":{"rendered":"HEYDENBOY"},"content":{"rendered":"<p>BATMAN, I WANT LOVE, YELLOW<\/p>\n<p>Digital printing under plexiglass. Signed and numbered on 3 ex. Edition of 3 copies. Table in American box.<\/p>\n<p>80 x 60 cm<\/p>\n<p>A certificate of authenticity accompanies the work, as well as its original case.<\/p>\n<p>600\/800\u20ac<\/p>","protected":false},"excerpt":{"rendered":"<p>BATMAN, I WANT LOVE, YELLOW Impression digitale sous plexiglas. Sign\u00e9 et num\u00e9rot\u00e9 sur 3 ex. Edition \u00e0 3 exemplaires. Tableau en caisse Am\u00e9ricaine. 80 x 60 cm Un certificat d\u2019authenticit\u00e9 [&hellip;]<\/p>\n","protected":false},"featured_media":9959,"comment_status":"open","ping_status":"closed","template":"","meta":{"_acf_changed":false},"product_brand":[],"product_cat":[15],"product_tag":[39],"class_list":{"0":"post-10405","1":"product","2":"type-product","3":"status-publish","4":"has-post-thumbnail","6":"product_cat-uncategorized","7":"product_tag-vente-11-12-21-a","9":"first","10":"instock","11":"shipping-taxable","12":"purchasable","13":"product-type-simple"},"acf":[],"_links":{"self":[{"href":"https:\/\/www.louizaauktion.com\/en\/wp-json\/wp\/v2\/product\/10405","targetHints":{"allow":["GET"]}}],"collection":[{"href":"https:\/\/www.louizaauktion.com\/en\/wp-json\/wp\/v2\/product"}],"about":[{"href":"https:\/\/www.louizaauktion.com\/en\/wp-json\/wp\/v2\/types\/product"}],"replies":[{"embeddable":true,"href":"https:\/\/www.louizaauktion.com\/en\/wp-json\/wp\/v2\/comments?post=10405"}],"wp:featuredmedia":[{"embeddable":true,"href":"https:\/\/www.louizaauktion.com\/en\/wp-json\/wp\/v2\/media\/9959"}],"wp:attachment":[{"href":"https:\/\/www.louizaauktion.com\/en\/wp-json\/wp\/v2\/media?parent=10405"}],"wp:term":[{"taxonomy":"product_brand","embeddable":true,"href":"https:\/\/www.louizaauktion.com\/en\/wp-json\/wp\/v2\/product_brand?post=10405"},{"taxonomy":"product_cat","embeddable":true,"href":"https:\/\/www.louizaauktion.com\/en\/wp-json\/wp\/v2\/product_cat?post=10405"},{"taxonomy":"product_tag","embeddable":true,"href":"https:\/\/www.louizaauktion.com\/en\/wp-json\/wp\/v2\/product_tag?post=10405"}],"curies":[{"name":"wp","href":"https:\/\/api.w.org\/{rel}","templated":true}]}}