{"id":10391,"date":"2021-12-03T00:52:07","date_gmt":"2021-12-03T00:52:07","guid":{"rendered":"https:\/\/www.louizaauktion.com\/product\/misstic-ne-en-1956\/"},"modified":"2021-12-03T00:52:07","modified_gmt":"2021-12-03T00:52:07","slug":"misstic-ne-en-1956","status":"publish","type":"product","link":"https:\/\/www.louizaauktion.com\/en\/product\/misstic-ne-en-1956\/","title":{"rendered":"MISSTIC (Born in 1956)"},"content":{"rendered":"<p>Poetry is a luxury of first necessity<\/p>\n<p>Original lithograph (typography), signed lower right and numbered 69\/100 lower left<\/p>\n<p>Copyright Miss Tic &amp; Bernard Dumerchez, 2020<\/p>\n<p>21x30cm<\/p>\n<p>200\/300\u20ac<\/p>","protected":false},"excerpt":{"rendered":"<p>La po\u00e9sie est un luxe de premi\u00e8re n\u00e9cessit\u00e9 Lithographie originale (typographie), sign\u00e9e en bas \u00e0 droite et num\u00e9rot\u00e9e 69\/100 en bas \u00e0 gauche Copyright Miss Tic &#038; Bernard Dumerchez,2020 21 [&hellip;]<\/p>\n","protected":false},"featured_media":9928,"comment_status":"open","ping_status":"closed","template":"","meta":{"_acf_changed":false},"product_brand":[],"product_cat":[15],"product_tag":[39],"class_list":{"0":"post-10391","1":"product","2":"type-product","3":"status-publish","4":"has-post-thumbnail","6":"product_cat-uncategorized","7":"product_tag-vente-11-12-21-a","9":"first","10":"instock","11":"shipping-taxable","12":"purchasable","13":"product-type-simple"},"acf":[],"_links":{"self":[{"href":"https:\/\/www.louizaauktion.com\/en\/wp-json\/wp\/v2\/product\/10391","targetHints":{"allow":["GET"]}}],"collection":[{"href":"https:\/\/www.louizaauktion.com\/en\/wp-json\/wp\/v2\/product"}],"about":[{"href":"https:\/\/www.louizaauktion.com\/en\/wp-json\/wp\/v2\/types\/product"}],"replies":[{"embeddable":true,"href":"https:\/\/www.louizaauktion.com\/en\/wp-json\/wp\/v2\/comments?post=10391"}],"wp:featuredmedia":[{"embeddable":true,"href":"https:\/\/www.louizaauktion.com\/en\/wp-json\/wp\/v2\/media\/9928"}],"wp:attachment":[{"href":"https:\/\/www.louizaauktion.com\/en\/wp-json\/wp\/v2\/media?parent=10391"}],"wp:term":[{"taxonomy":"product_brand","embeddable":true,"href":"https:\/\/www.louizaauktion.com\/en\/wp-json\/wp\/v2\/product_brand?post=10391"},{"taxonomy":"product_cat","embeddable":true,"href":"https:\/\/www.louizaauktion.com\/en\/wp-json\/wp\/v2\/product_cat?post=10391"},{"taxonomy":"product_tag","embeddable":true,"href":"https:\/\/www.louizaauktion.com\/en\/wp-json\/wp\/v2\/product_tag?post=10391"}],"curies":[{"name":"wp","href":"https:\/\/api.w.org\/{rel}","templated":true}]}}