{"id":10390,"date":"2021-12-03T00:52:07","date_gmt":"2021-12-03T00:52:07","guid":{"rendered":"https:\/\/www.louizaauktion.com\/product\/banksy-dapres-59\/"},"modified":"2021-12-03T00:52:07","modified_gmt":"2021-12-03T00:52:07","slug":"banksy-dapres-59","status":"publish","type":"product","link":"https:\/\/www.louizaauktion.com\/en\/product\/banksy-dapres-59\/","title":{"rendered":"BANKSY, According to"},"content":{"rendered":"<p>Kate Moss<\/p>\n<p>Color lithograph on paper, signed in the plate Publisher&#039;s stamp Grafiart UK lower right. <\/p>\n<p>Numbered 48\/150 ex. <\/p>\n<p>50x70cm <\/p>\n<p>A certificate is attached to the work.<\/p>\n<p>250\/300\u20ac<\/p>","protected":false},"excerpt":{"rendered":"<p>Kate Moss Lithographie en couleur sur papier, sign\u00e9e dans la planche Cachet de l\u2019\u00e9diteur Grafiart UK en bas \u00e0 droite. Num\u00e9rot\u00e9 48\/150 ex. 50 x 70 cm Un certificat est [&hellip;]<\/p>\n","protected":false},"featured_media":9926,"comment_status":"open","ping_status":"closed","template":"","meta":{"_acf_changed":false},"product_brand":[],"product_cat":[15],"product_tag":[39],"class_list":{"0":"post-10390","1":"product","2":"type-product","3":"status-publish","4":"has-post-thumbnail","6":"product_cat-uncategorized","7":"product_tag-vente-11-12-21-a","9":"first","10":"instock","11":"shipping-taxable","12":"purchasable","13":"product-type-simple"},"acf":[],"_links":{"self":[{"href":"https:\/\/www.louizaauktion.com\/en\/wp-json\/wp\/v2\/product\/10390","targetHints":{"allow":["GET"]}}],"collection":[{"href":"https:\/\/www.louizaauktion.com\/en\/wp-json\/wp\/v2\/product"}],"about":[{"href":"https:\/\/www.louizaauktion.com\/en\/wp-json\/wp\/v2\/types\/product"}],"replies":[{"embeddable":true,"href":"https:\/\/www.louizaauktion.com\/en\/wp-json\/wp\/v2\/comments?post=10390"}],"wp:featuredmedia":[{"embeddable":true,"href":"https:\/\/www.louizaauktion.com\/en\/wp-json\/wp\/v2\/media\/9926"}],"wp:attachment":[{"href":"https:\/\/www.louizaauktion.com\/en\/wp-json\/wp\/v2\/media?parent=10390"}],"wp:term":[{"taxonomy":"product_brand","embeddable":true,"href":"https:\/\/www.louizaauktion.com\/en\/wp-json\/wp\/v2\/product_brand?post=10390"},{"taxonomy":"product_cat","embeddable":true,"href":"https:\/\/www.louizaauktion.com\/en\/wp-json\/wp\/v2\/product_cat?post=10390"},{"taxonomy":"product_tag","embeddable":true,"href":"https:\/\/www.louizaauktion.com\/en\/wp-json\/wp\/v2\/product_tag?post=10390"}],"curies":[{"name":"wp","href":"https:\/\/api.w.org\/{rel}","templated":true}]}}