{"id":10367,"date":"2021-12-03T00:52:02","date_gmt":"2021-12-03T00:52:02","guid":{"rendered":"https:\/\/www.louizaauktion.com\/product\/onemizer-ne-en-1987-13\/"},"modified":"2021-12-03T00:52:02","modified_gmt":"2021-12-03T00:52:02","slug":"onemizer-ne-en-1987-13","status":"publish","type":"product","link":"https:\/\/www.louizaauktion.com\/en\/product\/onemizer-ne-en-1987-13\/","title":{"rendered":"ONEMIZER (Born in 1987)"},"content":{"rendered":"<p>Color your love<\/p>\n<p>Color screenprint on Hahnemuhle Museum Etching paper, signed and numbered 100 copies<\/p>\n<p>70 x 70 cm<\/p>\n<p>600\/800\u20ac<\/p>","protected":false},"excerpt":{"rendered":"<p>Color your love S\u00e9rigraphie en couleur sur papier Hahnemuhle Museum Etching, sign\u00e9e et num\u00e9rot\u00e9e \u00e0 100 exemplaires 70 x 70 cm 600\/800\u20ac<\/p>","protected":false},"featured_media":9879,"comment_status":"open","ping_status":"closed","template":"","meta":{"_acf_changed":false},"product_brand":[],"product_cat":[15],"product_tag":[39],"class_list":{"0":"post-10367","1":"product","2":"type-product","3":"status-publish","4":"has-post-thumbnail","6":"product_cat-uncategorized","7":"product_tag-vente-11-12-21-a","9":"first","10":"instock","11":"shipping-taxable","12":"purchasable","13":"product-type-simple"},"acf":[],"_links":{"self":[{"href":"https:\/\/www.louizaauktion.com\/en\/wp-json\/wp\/v2\/product\/10367","targetHints":{"allow":["GET"]}}],"collection":[{"href":"https:\/\/www.louizaauktion.com\/en\/wp-json\/wp\/v2\/product"}],"about":[{"href":"https:\/\/www.louizaauktion.com\/en\/wp-json\/wp\/v2\/types\/product"}],"replies":[{"embeddable":true,"href":"https:\/\/www.louizaauktion.com\/en\/wp-json\/wp\/v2\/comments?post=10367"}],"wp:featuredmedia":[{"embeddable":true,"href":"https:\/\/www.louizaauktion.com\/en\/wp-json\/wp\/v2\/media\/9879"}],"wp:attachment":[{"href":"https:\/\/www.louizaauktion.com\/en\/wp-json\/wp\/v2\/media?parent=10367"}],"wp:term":[{"taxonomy":"product_brand","embeddable":true,"href":"https:\/\/www.louizaauktion.com\/en\/wp-json\/wp\/v2\/product_brand?post=10367"},{"taxonomy":"product_cat","embeddable":true,"href":"https:\/\/www.louizaauktion.com\/en\/wp-json\/wp\/v2\/product_cat?post=10367"},{"taxonomy":"product_tag","embeddable":true,"href":"https:\/\/www.louizaauktion.com\/en\/wp-json\/wp\/v2\/product_tag?post=10367"}],"curies":[{"name":"wp","href":"https:\/\/api.w.org\/{rel}","templated":true}]}}