{"id":10360,"date":"2021-12-03T00:52:01","date_gmt":"2021-12-03T00:52:01","guid":{"rendered":"https:\/\/www.louizaauktion.com\/product\/jr-ne-en-1983-dapres-3\/"},"modified":"2021-12-03T00:52:01","modified_gmt":"2021-12-03T00:52:01","slug":"jr-ne-en-1983-dapres-3","status":"publish","type":"product","link":"https:\/\/www.louizaauktion.com\/en\/product\/jr-ne-en-1983-dapres-3\/","title":{"rendered":"JR (Born in 1983), According to"},"content":{"rendered":"<p>Kikito, September 6, 2017, 7.27 pm, Tecate, Mexico \u2013 USA (2017)<\/p>\n<p>Color screenprint on paper, signed in pencil lower right Publisher&#039;s stamp lower right. Numbered to 150 copies. <\/p>\n<p>30 x 40 cm. <\/p>\n<p>The publisher&#039;s certificate is attached to the work.<\/p>\n<p>900\/1500\u20ac<\/p>","protected":false},"excerpt":{"rendered":"<p>Kikito, September 6, 2017, 7.27 p.m., Tecate, Mexico &#8211; U.S.A. (2017) S\u00e9rigraphie en couleur sur papier, sign\u00e9e au crayon en bas \u00e0 droite Cachet de l&rsquo;\u00e9diteur en bas \u00e0 droite. [&hellip;]<\/p>\n","protected":false},"featured_media":9865,"comment_status":"open","ping_status":"closed","template":"","meta":{"_acf_changed":false},"product_brand":[],"product_cat":[15],"product_tag":[39],"class_list":{"0":"post-10360","1":"product","2":"type-product","3":"status-publish","4":"has-post-thumbnail","6":"product_cat-uncategorized","7":"product_tag-vente-11-12-21-a","9":"first","10":"instock","11":"shipping-taxable","12":"purchasable","13":"product-type-simple"},"acf":[],"_links":{"self":[{"href":"https:\/\/www.louizaauktion.com\/en\/wp-json\/wp\/v2\/product\/10360","targetHints":{"allow":["GET"]}}],"collection":[{"href":"https:\/\/www.louizaauktion.com\/en\/wp-json\/wp\/v2\/product"}],"about":[{"href":"https:\/\/www.louizaauktion.com\/en\/wp-json\/wp\/v2\/types\/product"}],"replies":[{"embeddable":true,"href":"https:\/\/www.louizaauktion.com\/en\/wp-json\/wp\/v2\/comments?post=10360"}],"wp:featuredmedia":[{"embeddable":true,"href":"https:\/\/www.louizaauktion.com\/en\/wp-json\/wp\/v2\/media\/9865"}],"wp:attachment":[{"href":"https:\/\/www.louizaauktion.com\/en\/wp-json\/wp\/v2\/media?parent=10360"}],"wp:term":[{"taxonomy":"product_brand","embeddable":true,"href":"https:\/\/www.louizaauktion.com\/en\/wp-json\/wp\/v2\/product_brand?post=10360"},{"taxonomy":"product_cat","embeddable":true,"href":"https:\/\/www.louizaauktion.com\/en\/wp-json\/wp\/v2\/product_cat?post=10360"},{"taxonomy":"product_tag","embeddable":true,"href":"https:\/\/www.louizaauktion.com\/en\/wp-json\/wp\/v2\/product_tag?post=10360"}],"curies":[{"name":"wp","href":"https:\/\/api.w.org\/{rel}","templated":true}]}}