{"id":10294,"date":"2021-12-03T00:51:45","date_gmt":"2021-12-03T00:51:45","guid":{"rendered":"https:\/\/www.louizaauktion.com\/product\/brain-roy-mrroy-ne-en-1980studio-harcourt\/"},"modified":"2021-12-03T00:51:45","modified_gmt":"2021-12-03T00:51:45","slug":"brain-roy-mrroy-ne-en-1980studio-harcourt","status":"publish","type":"product","link":"https:\/\/www.louizaauktion.com\/en\/product\/brain-roy-mrroy-ne-en-1980studio-harcourt\/","title":{"rendered":"BRAIN ROY (MR&amp;ROY, Born in 1980) STUDIO HARCOURT"},"content":{"rendered":"<p>HARCOURT-STUDIO<\/p>\n<p>Josephine Baker<\/p>\n<p>Framed digital lithograph, signed and numbered on 30 copies<\/p>\n<p>38 x 28 cm<\/p>\n<p>A BrainRoy VS Studio Harcourt certificate of authenticity accompanies the work <\/p>\n<p>400\/600\u20ac<\/p>","protected":false},"excerpt":{"rendered":"<p>STUDIO HARCOURT Jose\u0301phine Baker Lithographie num\u00e9rique encadr\u00e9e, sign\u00e9e et num\u00e9rot\u00e9e sur 30 exemplaires 38 x 28 cm Un certificat d\u2019authenticit\u00e9 BrainRoy VS Studio Harcourt accompagne l\u2019\u0153uvre 400\/600\u20ac<\/p>","protected":false},"featured_media":9731,"comment_status":"open","ping_status":"closed","template":"","meta":{"_acf_changed":false},"product_brand":[],"product_cat":[15],"product_tag":[39],"class_list":{"0":"post-10294","1":"product","2":"type-product","3":"status-publish","4":"has-post-thumbnail","6":"product_cat-uncategorized","7":"product_tag-vente-11-12-21-a","9":"first","10":"instock","11":"shipping-taxable","12":"purchasable","13":"product-type-simple"},"acf":[],"_links":{"self":[{"href":"https:\/\/www.louizaauktion.com\/en\/wp-json\/wp\/v2\/product\/10294","targetHints":{"allow":["GET"]}}],"collection":[{"href":"https:\/\/www.louizaauktion.com\/en\/wp-json\/wp\/v2\/product"}],"about":[{"href":"https:\/\/www.louizaauktion.com\/en\/wp-json\/wp\/v2\/types\/product"}],"replies":[{"embeddable":true,"href":"https:\/\/www.louizaauktion.com\/en\/wp-json\/wp\/v2\/comments?post=10294"}],"wp:featuredmedia":[{"embeddable":true,"href":"https:\/\/www.louizaauktion.com\/en\/wp-json\/wp\/v2\/media\/9731"}],"wp:attachment":[{"href":"https:\/\/www.louizaauktion.com\/en\/wp-json\/wp\/v2\/media?parent=10294"}],"wp:term":[{"taxonomy":"product_brand","embeddable":true,"href":"https:\/\/www.louizaauktion.com\/en\/wp-json\/wp\/v2\/product_brand?post=10294"},{"taxonomy":"product_cat","embeddable":true,"href":"https:\/\/www.louizaauktion.com\/en\/wp-json\/wp\/v2\/product_cat?post=10294"},{"taxonomy":"product_tag","embeddable":true,"href":"https:\/\/www.louizaauktion.com\/en\/wp-json\/wp\/v2\/product_tag?post=10294"}],"curies":[{"name":"wp","href":"https:\/\/api.w.org\/{rel}","templated":true}]}}