{"id":10283,"date":"2021-12-03T00:51:41","date_gmt":"2021-12-03T00:51:41","guid":{"rendered":"https:\/\/www.louizaauktion.com\/product\/brain-roy-mrroy-ne-en-1980-194\/"},"modified":"2021-12-03T00:51:41","modified_gmt":"2021-12-03T00:51:41","slug":"brain-roy-mrroy-ne-en-1980-194","status":"publish","type":"product","link":"https:\/\/www.louizaauktion.com\/en\/product\/brain-roy-mrroy-ne-en-1980-194\/","title":{"rendered":"BRAIN ROY (MR &amp; ROY, Born in 1980)"},"content":{"rendered":"<p>HARCOURT-STUDIO<\/p>\n<p>Karl Lagerfeld Gold and Silver<\/p>\n<p>Digital print under acrylic glass<\/p>\n<p>Signed and numbered on 6 ex. Edition of 6 copies. <\/p>\n<p>Delivered in American box.<\/p>\n<p>100 x 80cm <\/p>\n<p>A BrainRoy VS Studio Harcourt certificate of authenticity accompanies the work, as well as its original American case.<\/p>\n<p>2000\/2500\u20ac<\/p>","protected":false},"excerpt":{"rendered":"<p>STUDIO HARCOURT Karl Lagerfeld Gold and Silver Tirage digitale sous verre acrylique Sign\u00e9 et num\u00e9rot\u00e9 sur 6 ex. Edition \u00e0 6 exemplaires. Livr\u00e9 en caisse am\u00e9ricaine. 100 x 80 cm [&hellip;]<\/p>\n","protected":false},"featured_media":9698,"comment_status":"open","ping_status":"closed","template":"","meta":{"_acf_changed":false},"product_brand":[],"product_cat":[15],"product_tag":[39],"class_list":{"0":"post-10283","1":"product","2":"type-product","3":"status-publish","4":"has-post-thumbnail","6":"product_cat-uncategorized","7":"product_tag-vente-11-12-21-a","9":"first","10":"instock","11":"shipping-taxable","12":"purchasable","13":"product-type-simple"},"acf":[],"_links":{"self":[{"href":"https:\/\/www.louizaauktion.com\/en\/wp-json\/wp\/v2\/product\/10283","targetHints":{"allow":["GET"]}}],"collection":[{"href":"https:\/\/www.louizaauktion.com\/en\/wp-json\/wp\/v2\/product"}],"about":[{"href":"https:\/\/www.louizaauktion.com\/en\/wp-json\/wp\/v2\/types\/product"}],"replies":[{"embeddable":true,"href":"https:\/\/www.louizaauktion.com\/en\/wp-json\/wp\/v2\/comments?post=10283"}],"wp:featuredmedia":[{"embeddable":true,"href":"https:\/\/www.louizaauktion.com\/en\/wp-json\/wp\/v2\/media\/9698"}],"wp:attachment":[{"href":"https:\/\/www.louizaauktion.com\/en\/wp-json\/wp\/v2\/media?parent=10283"}],"wp:term":[{"taxonomy":"product_brand","embeddable":true,"href":"https:\/\/www.louizaauktion.com\/en\/wp-json\/wp\/v2\/product_brand?post=10283"},{"taxonomy":"product_cat","embeddable":true,"href":"https:\/\/www.louizaauktion.com\/en\/wp-json\/wp\/v2\/product_cat?post=10283"},{"taxonomy":"product_tag","embeddable":true,"href":"https:\/\/www.louizaauktion.com\/en\/wp-json\/wp\/v2\/product_tag?post=10283"}],"curies":[{"name":"wp","href":"https:\/\/api.w.org\/{rel}","templated":true}]}}