{"id":10279,"date":"2021-12-03T00:51:38","date_gmt":"2021-12-03T00:51:38","guid":{"rendered":"https:\/\/www.louizaauktion.com\/product\/richard-orlinski-ne-en-1966-43\/"},"modified":"2021-12-03T00:51:38","modified_gmt":"2021-12-03T00:51:38","slug":"richard-orlinski-ne-en-1966-43","status":"publish","type":"product","link":"https:\/\/www.louizaauktion.com\/en\/product\/richard-orlinski-ne-en-1966-43\/","title":{"rendered":"Richard ORLINSKI (Born in 1966)"},"content":{"rendered":"<p>Swarovsky Panther <\/p>\n<p>Sculpture in chromed polyresin covered with Swarovsky crystals, signed and numbered in 8 copies<\/p>\n<p>Length: 110cm<\/p>\n<p>110 x 50 x 23cm<\/p>\n<p>A certificate of authenticity will be given to the purchaser.<\/p>\n<p>Note: Edition of 8 copies. + 4 EA<\/p>\n<p>In a perfect state<\/p>\n<p>20000\/25000\u20ac<\/p>","protected":false},"excerpt":{"rendered":"<p>Panth\u00e8re Swarovsky Sculpture en polyr\u00e9sine chrom\u00e9e recouvert de cristaux Swarovsky, sign\u00e9e et num\u00e9rot\u00e9e \u00e0 8 exemplaires Longueur : 110 cm 110 x 50 x 23 cm Un certificat d&rsquo;authenticit\u00e9 sera [&hellip;]<\/p>\n","protected":false},"featured_media":9687,"comment_status":"open","ping_status":"closed","template":"","meta":{"_acf_changed":false},"product_brand":[],"product_cat":[15],"product_tag":[39],"class_list":{"0":"post-10279","1":"product","2":"type-product","3":"status-publish","4":"has-post-thumbnail","6":"product_cat-uncategorized","7":"product_tag-vente-11-12-21-a","9":"first","10":"instock","11":"shipping-taxable","12":"purchasable","13":"product-type-simple"},"acf":[],"_links":{"self":[{"href":"https:\/\/www.louizaauktion.com\/en\/wp-json\/wp\/v2\/product\/10279","targetHints":{"allow":["GET"]}}],"collection":[{"href":"https:\/\/www.louizaauktion.com\/en\/wp-json\/wp\/v2\/product"}],"about":[{"href":"https:\/\/www.louizaauktion.com\/en\/wp-json\/wp\/v2\/types\/product"}],"replies":[{"embeddable":true,"href":"https:\/\/www.louizaauktion.com\/en\/wp-json\/wp\/v2\/comments?post=10279"}],"wp:featuredmedia":[{"embeddable":true,"href":"https:\/\/www.louizaauktion.com\/en\/wp-json\/wp\/v2\/media\/9687"}],"wp:attachment":[{"href":"https:\/\/www.louizaauktion.com\/en\/wp-json\/wp\/v2\/media?parent=10279"}],"wp:term":[{"taxonomy":"product_brand","embeddable":true,"href":"https:\/\/www.louizaauktion.com\/en\/wp-json\/wp\/v2\/product_brand?post=10279"},{"taxonomy":"product_cat","embeddable":true,"href":"https:\/\/www.louizaauktion.com\/en\/wp-json\/wp\/v2\/product_cat?post=10279"},{"taxonomy":"product_tag","embeddable":true,"href":"https:\/\/www.louizaauktion.com\/en\/wp-json\/wp\/v2\/product_tag?post=10279"}],"curies":[{"name":"wp","href":"https:\/\/api.w.org\/{rel}","templated":true}]}}