{"id":10260,"date":"2021-12-03T00:51:17","date_gmt":"2021-12-03T00:51:17","guid":{"rendered":"https:\/\/www.louizaauktion.com\/product\/raoul-dufy-1877-1953-7\/"},"modified":"2021-12-03T00:51:17","modified_gmt":"2021-12-03T00:51:17","slug":"raoul-dufy-1877-1953-7","status":"publish","type":"product","link":"https:\/\/www.louizaauktion.com\/en\/product\/raoul-dufy-1877-1953-7\/","title":{"rendered":"Raoul DUFY (1877 \u2013 1953)"},"content":{"rendered":"<p>FRIEZE ILLUSTRATING A PROCESSION OF GREEK DANCERS, CIRCA 1919<\/p>\n<p>Gouache on paper, monogrammed RD lower right Measuring 32.8 x 26.5 cm <\/p>\n<p>Study for Bianchini-F\u00e9rier<\/p>\n<p>32.8 x 26.5 cm (at sight)<\/p>\n<p>A certificate of authenticity by Madame Guillon-Lafaille will be given to the purchaser.<\/p>\n<p>The work is listed in the \u201cFanny Guillon-Laffaille\u201d archives concerning the works of Raoul Dufy executed for the Bianchini-F\u00e9rier house.<\/p>\n<p>Provenance: private collection, Brussels, Belgium<\/p>\n<p>6000\/8000\u20ac<\/p>","protected":false},"excerpt":{"rendered":"<p>FRISE ILLUSTRANT UNE PROCESSION DE DANSEURS GRECS, CIRCA 1919 Gouache sur papier, monogramm\u00e9 RD en bas \u00e0 droite Mesurant 32,8 x 26,5 cm Etude pour Bianchini-F\u00e9rier 32,8 x 26,5 cm [&hellip;]<\/p>\n","protected":false},"featured_media":9635,"comment_status":"open","ping_status":"closed","template":"","meta":{"_acf_changed":false},"product_brand":[],"product_cat":[15],"product_tag":[39],"class_list":{"0":"post-10260","1":"product","2":"type-product","3":"status-publish","4":"has-post-thumbnail","6":"product_cat-uncategorized","7":"product_tag-vente-11-12-21-a","9":"first","10":"instock","11":"shipping-taxable","12":"purchasable","13":"product-type-simple"},"acf":[],"_links":{"self":[{"href":"https:\/\/www.louizaauktion.com\/en\/wp-json\/wp\/v2\/product\/10260","targetHints":{"allow":["GET"]}}],"collection":[{"href":"https:\/\/www.louizaauktion.com\/en\/wp-json\/wp\/v2\/product"}],"about":[{"href":"https:\/\/www.louizaauktion.com\/en\/wp-json\/wp\/v2\/types\/product"}],"replies":[{"embeddable":true,"href":"https:\/\/www.louizaauktion.com\/en\/wp-json\/wp\/v2\/comments?post=10260"}],"wp:featuredmedia":[{"embeddable":true,"href":"https:\/\/www.louizaauktion.com\/en\/wp-json\/wp\/v2\/media\/9635"}],"wp:attachment":[{"href":"https:\/\/www.louizaauktion.com\/en\/wp-json\/wp\/v2\/media?parent=10260"}],"wp:term":[{"taxonomy":"product_brand","embeddable":true,"href":"https:\/\/www.louizaauktion.com\/en\/wp-json\/wp\/v2\/product_brand?post=10260"},{"taxonomy":"product_cat","embeddable":true,"href":"https:\/\/www.louizaauktion.com\/en\/wp-json\/wp\/v2\/product_cat?post=10260"},{"taxonomy":"product_tag","embeddable":true,"href":"https:\/\/www.louizaauktion.com\/en\/wp-json\/wp\/v2\/product_tag?post=10260"}],"curies":[{"name":"wp","href":"https:\/\/api.w.org\/{rel}","templated":true}]}}