{"id":10210,"date":"2021-12-03T00:51:03","date_gmt":"2021-12-03T00:51:03","guid":{"rendered":"https:\/\/www.louizaauktion.com\/product\/editions-studio-supreme-2\/"},"modified":"2021-12-03T00:51:03","modified_gmt":"2021-12-03T00:51:03","slug":"editions-studio-supreme-2","status":"publish","type":"product","link":"https:\/\/www.louizaauktion.com\/en\/product\/editions-studio-supreme-2\/","title":{"rendered":"STUDIO &amp; SUPREME EDITIONS"},"content":{"rendered":"<p>Tribute to Louis Vuitton x Supreme<\/p>\n<p>Transparent red Plexiglas box, Model N\u00b02<\/p>\n<p>Sign. Unique piece.<\/p>\n<p>Dimensions: 23 x 11 x 8.5cm<\/p>\n<p>A certificate of authenticity accompanies the work, as well as its original case.<\/p>\n<p>1000\/1200\u20ac<\/p>","protected":false},"excerpt":{"rendered":"<p>Hommage \u00e0 Louis Vuitton x Supreme Bo\u00eete en plexiglas Rouge transparent, Mod\u00e8le N\u00b02 Sign\u00e9. Pi\u00e8ce unique. Dimensions : 23 x 11 x 8,5 cm Un certificat d\u2019authenticit\u00e9 accompagne l\u2019\u0153uvre, ainsi [&hellip;]<\/p>\n","protected":false},"featured_media":9519,"comment_status":"open","ping_status":"closed","template":"","meta":{"_acf_changed":false},"product_brand":[],"product_cat":[15],"product_tag":[39],"class_list":{"0":"post-10210","1":"product","2":"type-product","3":"status-publish","4":"has-post-thumbnail","6":"product_cat-uncategorized","7":"product_tag-vente-11-12-21-a","9":"first","10":"instock","11":"shipping-taxable","12":"purchasable","13":"product-type-simple"},"acf":[],"_links":{"self":[{"href":"https:\/\/www.louizaauktion.com\/en\/wp-json\/wp\/v2\/product\/10210","targetHints":{"allow":["GET"]}}],"collection":[{"href":"https:\/\/www.louizaauktion.com\/en\/wp-json\/wp\/v2\/product"}],"about":[{"href":"https:\/\/www.louizaauktion.com\/en\/wp-json\/wp\/v2\/types\/product"}],"replies":[{"embeddable":true,"href":"https:\/\/www.louizaauktion.com\/en\/wp-json\/wp\/v2\/comments?post=10210"}],"wp:featuredmedia":[{"embeddable":true,"href":"https:\/\/www.louizaauktion.com\/en\/wp-json\/wp\/v2\/media\/9519"}],"wp:attachment":[{"href":"https:\/\/www.louizaauktion.com\/en\/wp-json\/wp\/v2\/media?parent=10210"}],"wp:term":[{"taxonomy":"product_brand","embeddable":true,"href":"https:\/\/www.louizaauktion.com\/en\/wp-json\/wp\/v2\/product_brand?post=10210"},{"taxonomy":"product_cat","embeddable":true,"href":"https:\/\/www.louizaauktion.com\/en\/wp-json\/wp\/v2\/product_cat?post=10210"},{"taxonomy":"product_tag","embeddable":true,"href":"https:\/\/www.louizaauktion.com\/en\/wp-json\/wp\/v2\/product_tag?post=10210"}],"curies":[{"name":"wp","href":"https:\/\/api.w.org\/{rel}","templated":true}]}}