{"id":10192,"date":"2021-12-03T00:50:59","date_gmt":"2021-12-03T00:50:59","guid":{"rendered":"https:\/\/www.louizaauktion.com\/product\/brain-roy-mrroy-ne-en-1980-180\/"},"modified":"2021-12-03T00:50:59","modified_gmt":"2021-12-03T00:50:59","slug":"brain-roy-mrroy-ne-en-1980-180","status":"publish","type":"product","link":"https:\/\/www.louizaauktion.com\/en\/product\/brain-roy-mrroy-ne-en-1980-180\/","title":{"rendered":"BRAIN ROY (MR &amp; ROY, Born in 1980)"},"content":{"rendered":"<p>Sculpture Peace &amp; Love VS Murakami<\/p>\n<p>Sculpture in acrylic glass on base<\/p>\n<p>Sign. Unique piece. Delivered in box.<\/p>\n<p>Dimensions 40 x 40 x 10cm<\/p>\n<p>Base 25 x 10 x 5 cm<\/p>\n<p>A certificate of authenticity accompanies the work<\/p>\n<p>800\/1200\u20ac<\/p>","protected":false},"excerpt":{"rendered":"<p>Sculpture Peace &#038; Love VS Murakami Sculpture en verre acrylique sur socle Sign\u00e9. Pi\u00e8ce unique. Livr\u00e9e en caisse. Dimensions 40 x 40 x 10 cm Socle 25 x 10 x [&hellip;]<\/p>\n","protected":false},"featured_media":9477,"comment_status":"open","ping_status":"closed","template":"","meta":{"_acf_changed":false},"product_brand":[],"product_cat":[15],"product_tag":[39],"class_list":{"0":"post-10192","1":"product","2":"type-product","3":"status-publish","4":"has-post-thumbnail","6":"product_cat-uncategorized","7":"product_tag-vente-11-12-21-a","9":"first","10":"instock","11":"shipping-taxable","12":"purchasable","13":"product-type-simple"},"acf":[],"_links":{"self":[{"href":"https:\/\/www.louizaauktion.com\/en\/wp-json\/wp\/v2\/product\/10192","targetHints":{"allow":["GET"]}}],"collection":[{"href":"https:\/\/www.louizaauktion.com\/en\/wp-json\/wp\/v2\/product"}],"about":[{"href":"https:\/\/www.louizaauktion.com\/en\/wp-json\/wp\/v2\/types\/product"}],"replies":[{"embeddable":true,"href":"https:\/\/www.louizaauktion.com\/en\/wp-json\/wp\/v2\/comments?post=10192"}],"wp:featuredmedia":[{"embeddable":true,"href":"https:\/\/www.louizaauktion.com\/en\/wp-json\/wp\/v2\/media\/9477"}],"wp:attachment":[{"href":"https:\/\/www.louizaauktion.com\/en\/wp-json\/wp\/v2\/media?parent=10192"}],"wp:term":[{"taxonomy":"product_brand","embeddable":true,"href":"https:\/\/www.louizaauktion.com\/en\/wp-json\/wp\/v2\/product_brand?post=10192"},{"taxonomy":"product_cat","embeddable":true,"href":"https:\/\/www.louizaauktion.com\/en\/wp-json\/wp\/v2\/product_cat?post=10192"},{"taxonomy":"product_tag","embeddable":true,"href":"https:\/\/www.louizaauktion.com\/en\/wp-json\/wp\/v2\/product_tag?post=10192"}],"curies":[{"name":"wp","href":"https:\/\/api.w.org\/{rel}","templated":true}]}}