{"id":1340,"date":"2021-06-01T12:27:30","date_gmt":"2021-06-01T12:27:30","guid":{"rendered":"https:\/\/louiza-auktion.wtb.agency\/?page_id=1340"},"modified":"2023-09-18T13:43:29","modified_gmt":"2023-09-18T13:43:29","slug":"about","status":"publish","type":"page","link":"https:\/\/www.louizaauktion.com\/en\/about\/","title":{"rendered":"About"},"content":{"rendered":"<div data-elementor-type=\"wp-page\" data-elementor-id=\"1340\" class=\"elementor elementor-1340\" data-elementor-post-type=\"page\">\n\t\t\t\t\t\t<section class=\"elementor-section elementor-top-section elementor-element elementor-element-057bcae about_banner elementor-section-boxed elementor-section-height-default elementor-section-height-default\" data-id=\"057bcae\" data-element_type=\"section\" data-e-type=\"section\" data-settings=\"{&quot;background_background&quot;:&quot;classic&quot;}\">\n\t\t\t\t\t\t\t<div class=\"elementor-background-overlay\"><\/div>\n\t\t\t\t\t\t\t<div class=\"elementor-container elementor-column-gap-default\">\n\t\t\t\t\t<div class=\"elementor-column elementor-col-100 elementor-top-column elementor-element elementor-element-1f3eab5\" data-id=\"1f3eab5\" data-element_type=\"column\" data-e-type=\"column\">\n\t\t\t<div class=\"elementor-widget-wrap elementor-element-populated\">\n\t\t\t\t\t\t<div class=\"elementor-element elementor-element-d87a8f0 elementor-widget elementor-widget-heading\" data-id=\"d87a8f0\" data-element_type=\"widget\" data-e-type=\"widget\" data-widget_type=\"heading.default\">\n\t\t\t\t<div class=\"elementor-widget-container\">\n\t\t\t\t\t<h1 class=\"elementor-heading-title elementor-size-default\">ABOUT LOUIZA AUKTION<\/h1>\t\t\t\t<\/div>\n\t\t\t\t<\/div>\n\t\t\t\t\t<\/div>\n\t\t<\/div>\n\t\t\t\t\t<\/div>\n\t\t<\/section>\n\t\t\t\t<section class=\"elementor-section elementor-top-section elementor-element elementor-element-e214cbd auction_room_sec elementor-section-boxed elementor-section-height-default elementor-section-height-default\" data-id=\"e214cbd\" data-element_type=\"section\" data-e-type=\"section\" data-settings=\"{&quot;background_background&quot;:&quot;classic&quot;}\">\n\t\t\t\t\t\t<div class=\"elementor-container elementor-column-gap-default\">\n\t\t\t\t\t<div class=\"elementor-column elementor-col-50 elementor-top-column elementor-element elementor-element-b2897bb\" data-id=\"b2897bb\" data-element_type=\"column\" data-e-type=\"column\">\n\t\t\t<div class=\"elementor-widget-wrap elementor-element-populated\">\n\t\t\t\t\t\t<div class=\"elementor-element elementor-element-497d7b3 auction_room_logo elementor-widget elementor-widget-image\" data-id=\"497d7b3\" data-element_type=\"widget\" data-e-type=\"widget\" data-widget_type=\"image.default\">\n\t\t\t\t<div class=\"elementor-widget-container\">\n\t\t\t\t\t\t\t\t\t\t\t\t\t\t\t<img decoding=\"async\" src=\"https:\/\/www.louizaauktion.com\/wp-content\/uploads\/2021\/06\/footer-logo.png\" title=\"footer-logo\" alt=\"footer-logo\" loading=\"lazy\" \/>\t\t\t\t\t\t\t\t\t\t\t\t\t\t\t<\/div>\n\t\t\t\t<\/div>\n\t\t\t\t\t<\/div>\n\t\t<\/div>\n\t\t\t\t<div class=\"elementor-column elementor-col-50 elementor-top-column elementor-element elementor-element-6b12467\" data-id=\"6b12467\" data-element_type=\"column\" data-e-type=\"column\">\n\t\t\t<div class=\"elementor-widget-wrap elementor-element-populated\">\n\t\t\t\t\t\t<div class=\"elementor-element elementor-element-6b26fb9 auction_room_text elementor-widget elementor-widget-text-editor\" data-id=\"6b26fb9\" data-element_type=\"widget\" data-e-type=\"widget\" data-widget_type=\"text-editor.default\">\n\t\t\t\t<div class=\"elementor-widget-container\">\n\t\t\t\t\t\t\t\t\t<h2>The auction room<\/h2><p>Avenue Moli\u00e8re, 82- 1190 Brussels<\/p>\t\t\t\t\t\t\t\t<\/div>\n\t\t\t\t<\/div>\n\t\t\t\t\t<\/div>\n\t\t<\/div>\n\t\t\t\t\t<\/div>\n\t\t<\/section>\n\t\t\t\t<section class=\"elementor-section elementor-top-section elementor-element elementor-element-f9cbec2 about_text elementor-section-boxed elementor-section-height-default elementor-section-height-default\" data-id=\"f9cbec2\" data-element_type=\"section\" data-e-type=\"section\" data-settings=\"{&quot;background_background&quot;:&quot;classic&quot;}\">\n\t\t\t\t\t\t<div class=\"elementor-container elementor-column-gap-default\">\n\t\t\t\t\t<div class=\"elementor-column elementor-col-100 elementor-top-column elementor-element elementor-element-d5ec244\" data-id=\"d5ec244\" data-element_type=\"column\" data-e-type=\"column\">\n\t\t\t<div class=\"elementor-widget-wrap elementor-element-populated\">\n\t\t\t\t\t\t<div class=\"elementor-element elementor-element-e24d119 elementor-widget elementor-widget-text-editor\" data-id=\"e24d119\" data-element_type=\"widget\" data-e-type=\"widget\" data-widget_type=\"text-editor.default\">\n\t\t\t\t<div class=\"elementor-widget-container\">\n\t\t\t\t\t\t\t\t\t<p>The public auction house Louiza Auktion was created in 2009 by Claire and Jacqueline Roth\u00e4rmel and operated for 10 years at Place St\u00e9phanie in the Avenue Louise district. The main premises of the sales company have moved to Avenue Moli\u00e8re, 82-1190 in Brussels since June 2020.<\/p><p>Claire Roth\u00e4rmel graduated in Art History at the Sorbonne Paris IV, as well as in Private and Commercial Law at Paris-Assas II. After a DEA in Intellectual, Artistic and Industrial Property Law at Paris-Assas II and a period at the Ecole du Louvre, she obtained her diploma as a voluntary auctioneer in Paris, at the H\u00f4tel Drouot. With her experience in Paris and the Paris region, she decided to set up her business and practice in Brussels, a city ideally located at the crossroads of Germany, France and the Benelux.<\/p><p>Louiza Auktion organizes 8 to 10 main sales per year of Paintings &amp; Sculptures from the 19th and 20th centuries, and mainly sales of Contemporary Paintings, Sculptures and Drawings, Street Art, Multiples, Lithographs, Design and photographs from the 20th and 21st centuries.<br \/>You will find the details of the sales as well as the sales catalogs in the Future Sales and Past Sales sections.<br \/>We accept works of art on deposit for these sales every day. You can first send us an e-mail and photographs of the works you wish to estimate and\/or sell: info@louizaauktion.com<br \/>Our experts and the auctioneer come to your home free of charge by appointment for estimates.<\/p>\t\t\t\t\t\t\t\t<\/div>\n\t\t\t\t<\/div>\n\t\t\t\t\t<\/div>\n\t\t<\/div>\n\t\t\t\t\t<\/div>\n\t\t<\/section>\n\t\t\t\t<section class=\"elementor-section elementor-top-section elementor-element elementor-element-169981c auction_room_img elementor-section-boxed elementor-section-height-default elementor-section-height-default\" data-id=\"169981c\" data-element_type=\"section\" data-e-type=\"section\" data-settings=\"{&quot;background_background&quot;:&quot;classic&quot;}\">\n\t\t\t\t\t\t<div class=\"elementor-container elementor-column-gap-default\">\n\t\t\t\t\t<div class=\"elementor-column elementor-col-50 elementor-top-column elementor-element elementor-element-4972aad\" data-id=\"4972aad\" data-element_type=\"column\" data-e-type=\"column\">\n\t\t\t<div class=\"elementor-widget-wrap elementor-element-populated\">\n\t\t\t\t\t\t<div class=\"elementor-element elementor-element-2f413f8 elementor-widget elementor-widget-image\" data-id=\"2f413f8\" data-element_type=\"widget\" data-e-type=\"widget\" data-widget_type=\"image.default\">\n\t\t\t\t<div class=\"elementor-widget-container\">\n\t\t\t\t\t\t\t\t\t\t\t\t\t\t\t<img decoding=\"async\" src=\"https:\/\/www.louizaauktion.com\/wp-content\/uploads\/2021\/06\/1.png\" title=\"1\" alt=\"1\" loading=\"lazy\" \/>\t\t\t\t\t\t\t\t\t\t\t\t\t\t\t<\/div>\n\t\t\t\t<\/div>\n\t\t\t\t\t<\/div>\n\t\t<\/div>\n\t\t\t\t<div class=\"elementor-column elementor-col-50 elementor-top-column elementor-element elementor-element-cd51372\" data-id=\"cd51372\" data-element_type=\"column\" data-e-type=\"column\">\n\t\t\t<div class=\"elementor-widget-wrap elementor-element-populated\">\n\t\t\t\t\t\t<div class=\"elementor-element elementor-element-05a1fd0 elementor-widget elementor-widget-image\" data-id=\"05a1fd0\" data-element_type=\"widget\" data-e-type=\"widget\" data-widget_type=\"image.default\">\n\t\t\t\t<div class=\"elementor-widget-container\">\n\t\t\t\t\t\t\t\t\t\t\t\t\t\t\t<img decoding=\"async\" src=\"https:\/\/www.louizaauktion.com\/wp-content\/uploads\/2021\/06\/2.png\" title=\"2\" alt=\"2\" loading=\"lazy\" \/>\t\t\t\t\t\t\t\t\t\t\t\t\t\t\t<\/div>\n\t\t\t\t<\/div>\n\t\t\t\t\t<\/div>\n\t\t<\/div>\n\t\t\t\t\t<\/div>\n\t\t<\/section>\n\t\t\t\t<section class=\"elementor-section elementor-top-section elementor-element elementor-element-bf5f33d the_team_heading elementor-section-boxed elementor-section-height-default elementor-section-height-default\" data-id=\"bf5f33d\" data-element_type=\"section\" data-e-type=\"section\">\n\t\t\t\t\t\t<div class=\"elementor-container elementor-column-gap-default\">\n\t\t\t\t\t<div class=\"elementor-column elementor-col-100 elementor-top-column elementor-element elementor-element-c612154\" data-id=\"c612154\" data-element_type=\"column\" data-e-type=\"column\">\n\t\t\t<div class=\"elementor-widget-wrap elementor-element-populated\">\n\t\t\t\t\t\t<div class=\"elementor-element elementor-element-a7aa11b elementor-widget elementor-widget-heading\" data-id=\"a7aa11b\" data-element_type=\"widget\" data-e-type=\"widget\" data-widget_type=\"heading.default\">\n\t\t\t\t<div class=\"elementor-widget-container\">\n\t\t\t\t\t<h2 class=\"elementor-heading-title elementor-size-default\">The team<\/h2>\t\t\t\t<\/div>\n\t\t\t\t<\/div>\n\t\t\t\t\t<\/div>\n\t\t<\/div>\n\t\t\t\t\t<\/div>\n\t\t<\/section>\n\t\t\t\t<section class=\"elementor-section elementor-top-section elementor-element elementor-element-a9bb962 team_section elementor-section-boxed elementor-section-height-default elementor-section-height-default\" data-id=\"a9bb962\" data-element_type=\"section\" data-e-type=\"section\">\n\t\t\t\t\t\t<div class=\"elementor-container elementor-column-gap-default\">\n\t\t\t\t\t<div class=\"elementor-column elementor-col-50 elementor-top-column elementor-element elementor-element-177ba55\" data-id=\"177ba55\" data-element_type=\"column\" data-e-type=\"column\">\n\t\t\t<div class=\"elementor-widget-wrap elementor-element-populated\">\n\t\t\t\t\t\t<div class=\"elementor-element elementor-element-b2bdbf5 team_member elementor-position-top elementor-widget elementor-widget-image-box\" data-id=\"b2bdbf5\" data-element_type=\"widget\" data-e-type=\"widget\" data-widget_type=\"image-box.default\">\n\t\t\t\t<div class=\"elementor-widget-container\">\n\t\t\t\t\t<div class=\"elementor-image-box-wrapper\"><figure class=\"elementor-image-box-img\"><img fetchpriority=\"high\" decoding=\"async\" width=\"233\" height=\"233\" src=\"https:\/\/www.louizaauktion.com\/wp-content\/uploads\/2023\/08\/louiza-auktion-claire-rotharmel-2.png\" class=\"attachment-full size-full wp-image-27100\" alt=\"\" srcset=\"https:\/\/www.louizaauktion.com\/wp-content\/uploads\/2023\/08\/louiza-auktion-claire-rotharmel-2.png 233w, https:\/\/www.louizaauktion.com\/wp-content\/uploads\/2023\/08\/louiza-auktion-claire-rotharmel-2-12x12.png 12w, https:\/\/www.louizaauktion.com\/wp-content\/uploads\/2023\/08\/louiza-auktion-claire-rotharmel-2-100x100.png 100w\" sizes=\"(max-width: 233px) 100vw, 233px\" \/><\/figure><div class=\"elementor-image-box-content\"><h3 class=\"elementor-image-box-title\">CLAIRE ROTH\u00c4RMEL<\/h3><p class=\"elementor-image-box-description\">Auctioneer<\/p><\/div><\/div>\t\t\t\t<\/div>\n\t\t\t\t<\/div>\n\t\t\t\t\t<\/div>\n\t\t<\/div>\n\t\t\t\t<div class=\"elementor-column elementor-col-50 elementor-top-column elementor-element elementor-element-002e4d7\" data-id=\"002e4d7\" data-element_type=\"column\" data-e-type=\"column\">\n\t\t\t<div class=\"elementor-widget-wrap elementor-element-populated\">\n\t\t\t\t\t\t<div class=\"elementor-element elementor-element-e55c4d9 team_member elementor-position-top elementor-widget elementor-widget-image-box\" data-id=\"e55c4d9\" data-element_type=\"widget\" data-e-type=\"widget\" data-widget_type=\"image-box.default\">\n\t\t\t\t<div class=\"elementor-widget-container\">\n\t\t\t\t\t<div class=\"elementor-image-box-wrapper\"><figure class=\"elementor-image-box-img\"><img decoding=\"async\" width=\"233\" height=\"233\" src=\"https:\/\/www.louizaauktion.com\/wp-content\/uploads\/2021\/06\/8.png\" class=\"attachment-full size-full wp-image-1451\" alt=\"\" srcset=\"https:\/\/www.louizaauktion.com\/wp-content\/uploads\/2021\/06\/8.png 233w, https:\/\/www.louizaauktion.com\/wp-content\/uploads\/2021\/06\/8-150x150.png 150w, https:\/\/www.louizaauktion.com\/wp-content\/uploads\/2021\/06\/8-100x100.png 100w\" sizes=\"(max-width: 233px) 100vw, 233px\" \/><\/figure><div class=\"elementor-image-box-content\"><h3 class=\"elementor-image-box-title\">JACQUELINE ROTH\u00c4RMEL<\/h3><p class=\"elementor-image-box-description\">Administrator<\/p><\/div><\/div>\t\t\t\t<\/div>\n\t\t\t\t<\/div>\n\t\t\t\t\t<\/div>\n\t\t<\/div>\n\t\t\t\t\t<\/div>\n\t\t<\/section>\n\t\t\t\t<section class=\"elementor-section elementor-top-section elementor-element elementor-element-ba2c8be team_section elementor-hidden-desktop elementor-hidden-tablet elementor-hidden-mobile elementor-section-boxed elementor-section-height-default elementor-section-height-default\" data-id=\"ba2c8be\" data-element_type=\"section\" data-e-type=\"section\">\n\t\t\t\t\t\t<div class=\"elementor-container elementor-column-gap-default\">\n\t\t\t\t\t<div class=\"elementor-column elementor-col-33 elementor-top-column elementor-element elementor-element-c553c7b\" data-id=\"c553c7b\" data-element_type=\"column\" data-e-type=\"column\">\n\t\t\t<div class=\"elementor-widget-wrap elementor-element-populated\">\n\t\t\t\t\t\t<div class=\"elementor-element elementor-element-99d5e7c team_member elementor-position-top elementor-widget elementor-widget-image-box\" data-id=\"99d5e7c\" data-element_type=\"widget\" data-e-type=\"widget\" data-widget_type=\"image-box.default\">\n\t\t\t\t<div class=\"elementor-widget-container\">\n\t\t\t\t\t<div class=\"elementor-image-box-wrapper\"><figure class=\"elementor-image-box-img\"><img decoding=\"async\" width=\"233\" height=\"233\" src=\"https:\/\/www.louizaauktion.com\/wp-content\/uploads\/2021\/06\/8.png\" class=\"attachment-full size-full wp-image-1451\" alt=\"\" srcset=\"https:\/\/www.louizaauktion.com\/wp-content\/uploads\/2021\/06\/8.png 233w, https:\/\/www.louizaauktion.com\/wp-content\/uploads\/2021\/06\/8-150x150.png 150w, https:\/\/www.louizaauktion.com\/wp-content\/uploads\/2021\/06\/8-100x100.png 100w\" sizes=\"(max-width: 233px) 100vw, 233px\" \/><\/figure><div class=\"elementor-image-box-content\"><h3 class=\"elementor-image-box-title\">JACQUELINE ROTH\u00c4RMEL<\/h3><p class=\"elementor-image-box-description\">Administrator<\/p><\/div><\/div>\t\t\t\t<\/div>\n\t\t\t\t<\/div>\n\t\t\t\t\t<\/div>\n\t\t<\/div>\n\t\t\t\t<div class=\"elementor-column elementor-col-33 elementor-top-column elementor-element elementor-element-21c348f\" data-id=\"21c348f\" data-element_type=\"column\" data-e-type=\"column\">\n\t\t\t<div class=\"elementor-widget-wrap elementor-element-populated\">\n\t\t\t\t\t\t<div class=\"elementor-element elementor-element-4a1885e team_member elementor-position-top elementor-widget elementor-widget-image-box\" data-id=\"4a1885e\" data-element_type=\"widget\" data-e-type=\"widget\" data-widget_type=\"image-box.default\">\n\t\t\t\t<div class=\"elementor-widget-container\">\n\t\t\t\t\t<div class=\"elementor-image-box-wrapper\"><figure class=\"elementor-image-box-img\"><img decoding=\"async\" width=\"233\" height=\"233\" src=\"https:\/\/www.louizaauktion.com\/wp-content\/uploads\/2021\/06\/3.png\" class=\"attachment-full size-full wp-image-1450\" alt=\"\" srcset=\"https:\/\/www.louizaauktion.com\/wp-content\/uploads\/2021\/06\/3.png 233w, https:\/\/www.louizaauktion.com\/wp-content\/uploads\/2021\/06\/3-150x150.png 150w, https:\/\/www.louizaauktion.com\/wp-content\/uploads\/2021\/06\/3-100x100.png 100w\" sizes=\"(max-width: 233px) 100vw, 233px\" \/><\/figure><div class=\"elementor-image-box-content\"><h3 class=\"elementor-image-box-title\">CLAIRE ROTH\u00c4RMEL<\/h3><p class=\"elementor-image-box-description\">Auctioneer<\/p><\/div><\/div>\t\t\t\t<\/div>\n\t\t\t\t<\/div>\n\t\t\t\t\t<\/div>\n\t\t<\/div>\n\t\t\t\t<div class=\"elementor-column elementor-col-33 elementor-top-column elementor-element elementor-element-676de01 elementor-hidden-desktop elementor-hidden-tablet elementor-hidden-mobile\" data-id=\"676de01\" data-element_type=\"column\" data-e-type=\"column\">\n\t\t\t<div class=\"elementor-widget-wrap elementor-element-populated\">\n\t\t\t\t\t\t<div class=\"elementor-element elementor-element-558ef6f team_member elementor-position-top elementor-widget elementor-widget-image-box\" data-id=\"558ef6f\" data-element_type=\"widget\" data-e-type=\"widget\" data-widget_type=\"image-box.default\">\n\t\t\t\t<div class=\"elementor-widget-container\">\n\t\t\t\t\t<div class=\"elementor-image-box-wrapper\"><figure class=\"elementor-image-box-img\"><img loading=\"lazy\" decoding=\"async\" width=\"233\" height=\"233\" src=\"https:\/\/www.louizaauktion.com\/wp-content\/uploads\/2021\/06\/10.png\" class=\"attachment-full size-full wp-image-1452\" alt=\"\" srcset=\"https:\/\/www.louizaauktion.com\/wp-content\/uploads\/2021\/06\/10.png 233w, https:\/\/www.louizaauktion.com\/wp-content\/uploads\/2021\/06\/10-150x150.png 150w, https:\/\/www.louizaauktion.com\/wp-content\/uploads\/2021\/06\/10-100x100.png 100w\" sizes=\"(max-width: 233px) 100vw, 233px\" \/><\/figure><div class=\"elementor-image-box-content\"><h3 class=\"elementor-image-box-title\">CLAIRE ROTH\u00c4RMEL<\/h3><p class=\"elementor-image-box-description\">Auctioneer<\/p><\/div><\/div>\t\t\t\t<\/div>\n\t\t\t\t<\/div>\n\t\t\t\t\t<\/div>\n\t\t<\/div>\n\t\t\t\t\t<\/div>\n\t\t<\/section>\n\t\t\t\t<\/div>","protected":false},"excerpt":{"rendered":"<p>\u00c0 PROPOS DE LOUIZA AUKTION La salle des ventes Avenue Moli\u00e8re, 82- 1190 Bruxelles La maison de vente aux ench\u00e8res publiques Louiza Auktion a \u00e9t\u00e9 cr\u00e9\u00e9e en 2009 par Claire [&hellip;]<\/p>\n","protected":false},"author":44,"featured_media":0,"parent":0,"menu_order":0,"comment_status":"closed","ping_status":"closed","template":"elementor_header_footer","meta":{"_acf_changed":false,"footnotes":""},"class_list":["post-1340","page","type-page","status-publish","hentry"],"acf":[],"_links":{"self":[{"href":"https:\/\/www.louizaauktion.com\/en\/wp-json\/wp\/v2\/pages\/1340","targetHints":{"allow":["GET"]}}],"collection":[{"href":"https:\/\/www.louizaauktion.com\/en\/wp-json\/wp\/v2\/pages"}],"about":[{"href":"https:\/\/www.louizaauktion.com\/en\/wp-json\/wp\/v2\/types\/page"}],"author":[{"embeddable":true,"href":"https:\/\/www.louizaauktion.com\/en\/wp-json\/wp\/v2\/users\/44"}],"replies":[{"embeddable":true,"href":"https:\/\/www.louizaauktion.com\/en\/wp-json\/wp\/v2\/comments?post=1340"}],"version-history":[{"count":10,"href":"https:\/\/www.louizaauktion.com\/en\/wp-json\/wp\/v2\/pages\/1340\/revisions"}],"predecessor-version":[{"id":28166,"href":"https:\/\/www.louizaauktion.com\/en\/wp-json\/wp\/v2\/pages\/1340\/revisions\/28166"}],"wp:attachment":[{"href":"https:\/\/www.louizaauktion.com\/en\/wp-json\/wp\/v2\/media?parent=1340"}],"curies":[{"name":"wp","href":"https:\/\/api.w.org\/{rel}","templated":true}]}}